{"id":7809,"date":"2020-12-07T21:47:16","date_gmt":"2020-12-07T21:47:16","guid":{"rendered":"https:\/\/ahm-honduras.com\/?page_id=7809"},"modified":"2020-12-09T00:12:25","modified_gmt":"2020-12-09T00:12:25","slug":"plataforma-conecta","status":"publish","type":"page","link":"https:\/\/ahm-honduras.com\/?page_id=7809","title":{"rendered":"Plataforma \u00abConecta\u00bb"},"content":{"rendered":"<div class=\"wpb-content-wrapper\"><p>[vc_row][vc_column][vc_custom_heading text=\u00bbPlataforma Virtual Conecta\u00bb font_container=\u00bbtag:h2|font_size:18|text_align:left|color:%23000000&#8243; google_fonts=\u00bbfont_family:Fira%20Sans%3A300%2C300italic%2C400%2C400italic%2C500%2C500italic%2C700%2C700italic|font_style:500%20bold%20regular%3A500%3Anormal\u00bb][vc_separator color=\u00bborange\u00bb border_width=\u00bb3&#8243; css=\u00bb.vc_custom_1607378556117{padding-top: 5px !important;padding-bottom: 30px !important;}\u00bb][vc_row_inner][vc_column_inner][vc_single_image image=\u00bb7812&#8243; img_size=\u00bbfull\u00bb alignment=\u00bbcenter\u00bb style=\u00bbvc_box_rounded\u00bb onclick=\u00bbcustom_link\u00bb css=\u00bb.vc_custom_1607379443175{border-radius: 25px !important;}\u00bb link=\u00bbhttps:\/\/conecta.gob.hn\/welcome\/\u00bb][vc_column_text css=\u00bb.vc_custom_1607378697912{padding-top: 20px !important;}\u00bb]La Asociaci\u00f3n Hondure\u00f1a de Maquiladores y la Organizaci\u00f3n Internacional del Trabajo como parte de su alianza estrat\u00e9gica con El Programa Presidencial Ciudad Mujer, pone a disposicion de nuestros usuarios, la plataforma digital CONECTA, en la cual podr\u00e1 encontrar informaci\u00f3n completa sobre el tema de violencia dom\u00e9stica y asistencia integral[\/vc_column_text][\/vc_column_inner][\/vc_row_inner][vc_separator color=\u00bborange\u00bb border_width=\u00bb3&#8243; css=\u00bb.vc_custom_1589483904284{padding-top: 30px !important;padding-bottom: 30px !important;}\u00bb][vc_single_image image=\u00bb7863&#8243; img_size=\u00bbfull\u00bb alignment=\u00bbcenter\u00bb][vc_empty_space][\/vc_column][\/vc_row]<\/p>\n<\/div>","protected":false},"excerpt":{"rendered":"<p>[vc_row][vc_column][vc_custom_heading text=\u00bbPlataforma Virtual Conecta\u00bb font_container=\u00bbtag:h2|font_size:18|text_align:left|color:%23000000&#8243; google_fonts=\u00bbfont_family:Fira%20Sans%3A300%2C300italic%2C400%2C400italic%2C500%2C500italic%2C700%2C700italic|font_style:500%20bold%20regular%3A500%3Anormal\u00bb][vc_separator color=\u00bborange\u00bb border_width=\u00bb3&#8243; css=\u00bb.vc_custom_1607378556117{padding-top: 5px !important;padding-bottom: 30px !important;}\u00bb][vc_row_inner][vc_column_inner][vc_single_image image=\u00bb7812&#8243; img_size=\u00bbfull\u00bb alignment=\u00bbcenter\u00bb style=\u00bbvc_box_rounded\u00bb onclick=\u00bbcustom_link\u00bb css=\u00bb.vc_custom_1607379443175{border-radius: 25px !important;}\u00bb link=\u00bbhttps:\/\/conecta.gob.hn\/welcome\/\u00bb][vc_column_text css=\u00bb.vc_custom_1607378697912{padding-top: 20px !important;}\u00bb]La Asociaci\u00f3n Hondure\u00f1a de Maquiladores y la Organizaci\u00f3n Internacional del Trabajo como parte de su alianza estrat\u00e9gica con El Programa Presidencial Ciudad Mujer, pone a disposicion de nuestros usuarios, la plataforma&#8230; <a class=\"read-more\" href=\"https:\/\/ahm-honduras.com\/?page_id=7809\"> READ MORE<\/a><\/p>\n","protected":false},"author":3,"featured_media":0,"parent":0,"menu_order":0,"comment_status":"closed","ping_status":"closed","template":"","meta":{"inline_featured_image":false,"footnotes":""},"class_list":["post-7809","page","type-page","status-publish","hentry"],"aioseo_notices":[],"_hostinger_reach_plugin_has_subscription_block":false,"_hostinger_reach_plugin_is_elementor":false,"_links":{"self":[{"href":"https:\/\/ahm-honduras.com\/index.php?rest_route=\/wp\/v2\/pages\/7809","targetHints":{"allow":["GET"]}}],"collection":[{"href":"https:\/\/ahm-honduras.com\/index.php?rest_route=\/wp\/v2\/pages"}],"about":[{"href":"https:\/\/ahm-honduras.com\/index.php?rest_route=\/wp\/v2\/types\/page"}],"author":[{"embeddable":true,"href":"https:\/\/ahm-honduras.com\/index.php?rest_route=\/wp\/v2\/users\/3"}],"replies":[{"embeddable":true,"href":"https:\/\/ahm-honduras.com\/index.php?rest_route=%2Fwp%2Fv2%2Fcomments&post=7809"}],"version-history":[{"count":0,"href":"https:\/\/ahm-honduras.com\/index.php?rest_route=\/wp\/v2\/pages\/7809\/revisions"}],"wp:attachment":[{"href":"https:\/\/ahm-honduras.com\/index.php?rest_route=%2Fwp%2Fv2%2Fmedia&parent=7809"}],"curies":[{"name":"wp","href":"https:\/\/api.w.org\/{rel}","templated":true}]}}