{"id":7582,"date":"2020-11-30T21:14:07","date_gmt":"2020-11-30T21:14:07","guid":{"rendered":"https:\/\/ahm-honduras.com\/?page_id=7582"},"modified":"2020-12-09T00:37:49","modified_gmt":"2020-12-09T00:37:49","slug":"instituciones-de-apoyo","status":"publish","type":"page","link":"https:\/\/ahm-honduras.com\/?page_id=7582","title":{"rendered":"Instituciones de Apoyo"},"content":{"rendered":"<div class=\"wpb-content-wrapper\"><p>[vc_row][vc_column][vc_custom_heading text=\u00bbDIRECTORIO DE INSTITUCIONES QUE BRINDAN SERVICIOS<br \/>\nPARA ATENCI\u00d3N A LA VIOLENCIA EN SAN PEDRO SULA\u00bb font_container=\u00bbtag:h2|font_size:18|text_align:left|color:%23000000&#8243; google_fonts=\u00bbfont_family:Fira%20Sans%3A300%2C300italic%2C400%2C400italic%2C500%2C500italic%2C700%2C700italic|font_style:500%20bold%20regular%3A500%3Anormal\u00bb][vc_column_text css=\u00bb.vc_custom_1607387790185{padding-bottom: 20px !important;}\u00bb]Para asistencia legal y protecci\u00f3n integral para las v\u00edctimas de violencia dom\u00e9stica, a continuaci\u00f3n detallamos el directorio de organismos e instituciones \u00a0de apoyo que brindan acompa\u00f1amiento en todo el proceso legal y de forma gratuita para las v\u00edctimas.[\/vc_column_text][vc_separator color=\u00bborange\u00bb border_width=\u00bb2&#8243; css=\u00bb.vc_custom_1607369871748{padding-top: 0px !important;padding-bottom: 40px !important;}\u00bb][\/vc_column][\/vc_row][vc_row][vc_column][vc_custom_heading text=\u00bbRecepci\u00f3n de denuncias, asistencia y\/o acompa\u00f1amiento\u00bb font_container=\u00bbtag:h2|font_size:18|text_align:left|color:%23000000&#8243; google_fonts=\u00bbfont_family:Fira%20Sans%3A300%2C300italic%2C400%2C400italic%2C500%2C500italic%2C700%2C700italic|font_style:500%20bold%20regular%3A500%3Anormal\u00bb][vc_row_inner][vc_column_inner width=\u00bb1\/2&#8243;][vc_column_text]<strong>Sistema Nacional de Emergencia<\/strong><br \/>\nL\u00ednea 911<\/p>\n<p><strong>Centro Integrado \u2013 CEIN<\/strong><br \/>\n3 avenida, 9 calle,<br \/>\nContiguo a correo Nacional de Honduras<br \/>\nAtenci\u00f3n continua las 24 horas<br \/>\n2552-8880<\/p>\n<p><strong>Poder Judicial de Honduras<\/strong><br \/>\n33 calle, contiguo al Estadio Ol\u00edmpico<br \/>\nOficina Juzgados de Letras de lo Penal<br \/>\n2568-0850<\/p>\n<p><strong>Juzgado contra la Violencia Dom\u00e9stica<br \/>\n<\/strong>33 calle, contiguo al Estadio Ol\u00edmpico<br \/>\nOficina Juzgados de Letras de lo Penal<br \/>\n9548-9170[\/vc_column_text][\/vc_column_inner][vc_column_inner width=\u00bb1\/2&#8243;][vc_column_text]<strong>Centro Integrado de Justicia<\/strong><br \/>\n2553-6860, 2553-6861<\/p>\n<p><strong>Direcci\u00f3n de Ni\u00f1ez Adolescencia y Familia DINAF<\/strong><br \/>\n2553-8596<\/p>\n<p><strong>Ministerio P\u00fablico Honduras<\/strong><br \/>\nBo. Lempira, Av. Los Leones, 5 Ave, entre 10 y 11 calle.<br \/>\nEdificio Fern\u00e1ndez Guzm\u00e1n<\/p>\n<p><strong>Edificio DPI Calpules<\/strong><br \/>\n33 Calle, Colonia del Valle, Boulevard del este.<br \/>\nAtenci\u00f3n continua las 24 horas.<\/p>\n<p><strong>Defensa P\u00fablica<\/strong>\u00a0(Oficina principal)<br \/>\n2556-8629[\/vc_column_text][\/vc_column_inner][\/vc_row_inner][vc_separator color=\u00bborange\u00bb border_width=\u00bb3&#8243; css=\u00bb.vc_custom_1589483904284{padding-top: 30px !important;padding-bottom: 30px !important;}\u00bb][vc_empty_space][\/vc_column][\/vc_row][vc_row][vc_column][vc_custom_heading text=\u00bbAcesor\u00eda Legal\u00bb font_container=\u00bbtag:h2|font_size:18|text_align:left|color:%23000000&#8243; google_fonts=\u00bbfont_family:Fira%20Sans%3A300%2C300italic%2C400%2C400italic%2C500%2C500italic%2C700%2C700italic|font_style:500%20bold%20regular%3A500%3Anormal\u00bb][vc_row_inner][vc_column_inner width=\u00bb1\/2&#8243;][vc_column_text]<strong>Instituto Nacional de la Mujer INAM<\/strong><br \/>\nEdificio Plaza, 1 y 2 calle, 1 y 2 Ave. Local 18<br \/>\n<a href=\"https:\/\/www.conecta.gob.hn\/\">https:\/\/www.conecta.gob.hn\/<\/a><br \/>\n2558-9902<\/p>\n<p><strong>Ciudad Mujer San Pedro Sula<\/strong><br \/>\nColonia Municipal, Pasaje Las Flores,<br \/>\nContiguo a Escuela Froylan Turcios<br \/>\nAtenci\u00f3n de 7:00 a.m. a 1:00 p.m.<\/p>\n<p><strong>Oficina Municipal de la Mujer<\/strong><br \/>\nBo. Guamilito. 7 Ave, entre 9 y 10 calle<br \/>\n3260-7060, 9967-0762[\/vc_column_text][\/vc_column_inner][vc_column_inner width=\u00bb1\/2&#8243;][vc_column_text]<strong>CONADEH<br \/>\nComisionado Nacional de los Derechos Humanos<\/strong><br \/>\nBario Los Andes, 11 calle, 10 y 11 ave.<br \/>\nContiguo a Centro M\u00e9dico Galenos<\/p>\n<p><strong>Consejo Noruego<\/strong><br \/>\n22 y 23 avenida, 14 calle S.O<br \/>\nlote 7 bloque 8. Sector City Mall<br \/>\n2556-5391<br \/>\nmivozcuenta@nrc.no[\/vc_column_text][\/vc_column_inner][\/vc_row_inner][vc_separator color=\u00bborange\u00bb border_width=\u00bb2&#8243; css=\u00bb.vc_custom_1589483898435{padding-top: 30px !important;padding-bottom: 30px !important;}\u00bb][vc_single_image image=\u00bb7863&#8243; img_size=\u00bbfull\u00bb alignment=\u00bbcenter\u00bb][vc_empty_space][\/vc_column][\/vc_row]<\/p>\n<\/div>","protected":false},"excerpt":{"rendered":"<p>[vc_row][vc_column][vc_custom_heading text=\u00bbDIRECTORIO DE INSTITUCIONES QUE BRINDAN SERVICIOS PARA ATENCI\u00d3N A LA VIOLENCIA EN SAN PEDRO SULA\u00bb font_container=\u00bbtag:h2|font_size:18|text_align:left|color:%23000000&#8243; google_fonts=\u00bbfont_family:Fira%20Sans%3A300%2C300italic%2C400%2C400italic%2C500%2C500italic%2C700%2C700italic|font_style:500%20bold%20regular%3A500%3Anormal\u00bb][vc_column_text css=\u00bb.vc_custom_1607387790185{padding-bottom: 20px !important;}\u00bb]Para asistencia legal y protecci\u00f3n integral para las v\u00edctimas de violencia dom\u00e9stica, a continuaci\u00f3n detallamos el directorio de organismos e instituciones \u00a0de apoyo que brindan acompa\u00f1amiento en todo el proceso legal y de forma gratuita&#8230; <a class=\"read-more\" href=\"https:\/\/ahm-honduras.com\/?page_id=7582\"> READ MORE<\/a><\/p>\n","protected":false},"author":3,"featured_media":0,"parent":0,"menu_order":0,"comment_status":"closed","ping_status":"closed","template":"","meta":{"inline_featured_image":false,"footnotes":""},"class_list":["post-7582","page","type-page","status-publish","hentry"],"aioseo_notices":[],"_hostinger_reach_plugin_has_subscription_block":false,"_hostinger_reach_plugin_is_elementor":false,"_links":{"self":[{"href":"https:\/\/ahm-honduras.com\/index.php?rest_route=\/wp\/v2\/pages\/7582","targetHints":{"allow":["GET"]}}],"collection":[{"href":"https:\/\/ahm-honduras.com\/index.php?rest_route=\/wp\/v2\/pages"}],"about":[{"href":"https:\/\/ahm-honduras.com\/index.php?rest_route=\/wp\/v2\/types\/page"}],"author":[{"embeddable":true,"href":"https:\/\/ahm-honduras.com\/index.php?rest_route=\/wp\/v2\/users\/3"}],"replies":[{"embeddable":true,"href":"https:\/\/ahm-honduras.com\/index.php?rest_route=%2Fwp%2Fv2%2Fcomments&post=7582"}],"version-history":[{"count":0,"href":"https:\/\/ahm-honduras.com\/index.php?rest_route=\/wp\/v2\/pages\/7582\/revisions"}],"wp:attachment":[{"href":"https:\/\/ahm-honduras.com\/index.php?rest_route=%2Fwp%2Fv2%2Fmedia&parent=7582"}],"curies":[{"name":"wp","href":"https:\/\/api.w.org\/{rel}","templated":true}]}}