{"id":7580,"date":"2020-11-30T21:13:41","date_gmt":"2020-11-30T21:13:41","guid":{"rendered":"https:\/\/ahm-honduras.com\/?page_id=7580"},"modified":"2020-12-09T00:00:25","modified_gmt":"2020-12-09T00:00:25","slug":"proceso-de-denuncia","status":"publish","type":"page","link":"https:\/\/ahm-honduras.com\/?page_id=7580","title":{"rendered":"\u00bfComo Denunciar?"},"content":{"rendered":"<div class=\"wpb-content-wrapper\"><p>[vc_row][vc_column]\t\t\t<div class=\"cortana-heading no-border left style1 \" >\n\t\t\t\t\t\t\t\t\t<h2 style=\"font-size:20px\">Proceso de denuncia para v\u00edctimas de violencia dom\u00e9stica<\/h2>\n\t\t\t\t\t\t\t<\/div>\n\t\t\t[vc_separator color=\u00bborange\u00bb border_width=\u00bb3&#8243; css=\u00bb.vc_custom_1589483904284{padding-top: 30px !important;padding-bottom: 30px !important;}\u00bb][\/vc_column][\/vc_row][vc_row][vc_column width=\u00bb1\/4&#8243;][vc_single_image image=\u00bb7663&#8243;][\/vc_column][vc_column width=\u00bb3\/4&#8243;][vc_custom_heading text=\u00bbPresentaci\u00f3n de la denuncia\u00bb font_container=\u00bbtag:h2|font_size:18|text_align:left|color:%23000000&#8243; google_fonts=\u00bbfont_family:Fira%20Sans%3A300%2C300italic%2C400%2C400italic%2C500%2C500italic%2C700%2C700italic|font_style:500%20bold%20regular%3A500%3Anormal\u00bb][vc_column_text]<strong>La denuncia la puedes presentar en:<\/strong><\/p>\n<ul>\n<li>Ministerio P\u00fablico (Fiscal\u00eda Especial de la Mujer)<\/li>\n<li>Centro Integrado (San Pedro Sula, Tegucigalpa y La Ceiba).<\/li>\n<li>Direcci\u00f3n General de Investigaci\u00f3n (DGIC)<\/li>\n<li>Juzgados a nivel nacional.<\/li>\n<li>Posta Policial m\u00e1s cercana en la comunidad.<\/li>\n<\/ul>\n<p><strong>La denuncia puede ser presentada por:<\/strong><\/p>\n<ul>\n<li>La mujer afectada.<\/li>\n<li>Cualquier miembro de su familia.<\/li>\n<li>Cualquier funcionario (a), empleado (a) p\u00fablico o profesional que por razones de su cargo tenga contacto con la mujer afectada.<\/li>\n<\/ul>\n<p>[\/vc_column_text][\/vc_column][\/vc_row][vc_row][vc_column][vc_separator color=\u00bborange\u00bb border_width=\u00bb3&#8243; css=\u00bb.vc_custom_1589483904284{padding-top: 30px !important;padding-bottom: 30px !important;}\u00bb][\/vc_column][\/vc_row][vc_row][vc_column width=\u00bb1\/4&#8243;][vc_single_image image=\u00bb7664&#8243;][\/vc_column][vc_column width=\u00bb3\/4&#8243;][vc_custom_heading text=\u00bbNotificaci\u00f3n al agresor\u00bb font_container=\u00bbtag:h2|font_size:18|text_align:left|color:%23000000&#8243; google_fonts=\u00bbfont_family:Fira%20Sans%3A300%2C300italic%2C400%2C400italic%2C500%2C500italic%2C700%2C700italic|font_style:500%20bold%20regular%3A500%3Anormal\u00bb][vc_column_text]Un(a) Funcionario(a) del\u00a0 Juzgado notificar\u00e1 al denunciado que tiene una audiencia y se le entregar\u00e1 copia de la denuncia.<\/p>\n<p>Este proceso no tendr\u00e1 ning\u00fan costo para la denunciante.[\/vc_column_text][\/vc_column][\/vc_row][vc_row][vc_column][vc_separator color=\u00bborange\u00bb border_width=\u00bb3&#8243; css=\u00bb.vc_custom_1589483904284{padding-top: 30px !important;padding-bottom: 30px !important;}\u00bb][\/vc_column][\/vc_row][vc_row][vc_column width=\u00bb1\/4&#8243;][vc_single_image image=\u00bb7665&#8243;][\/vc_column][vc_column width=\u00bb3\/4&#8243;][vc_custom_heading text=\u00bbCelebraci\u00f3n de la audiencia\u00bb font_container=\u00bbtag:h2|font_size:18|text_align:left|color:%23000000&#8243; google_fonts=\u00bbfont_family:Fira%20Sans%3A300%2C300italic%2C400%2C400italic%2C500%2C500italic%2C700%2C700italic|font_style:500%20bold%20regular%3A500%3Anormal\u00bb][vc_column_text]La mujer afectada estar\u00e1 representada por un (a) fiscal del Ministerio Publico y el denunciado por defensor (a) p\u00fablico o privado.<\/p>\n<p><strong>En el juzgado tendr\u00e1s una audiencia con tu pareja donde:<\/strong><\/p>\n<ul>\n<li>Si el denunciado acepta los hechos el (a) juez (a) dictar\u00e1 una sentencia en lugar.<\/li>\n<li>Si el denunciado no acepta los hechos, la audiencia se suspende y se continuar\u00e1 dentro de los dos (2) d\u00edas siguientes para presentar las pruebas.<\/li>\n<\/ul>\n<p>[\/vc_column_text][\/vc_column][\/vc_row][vc_row][vc_column][vc_separator color=\u00bborange\u00bb border_width=\u00bb3&#8243; css=\u00bb.vc_custom_1589483904284{padding-top: 30px !important;padding-bottom: 30px !important;}\u00bb][\/vc_column][\/vc_row][vc_row][vc_column width=\u00bb1\/4&#8243;][vc_single_image image=\u00bb7666&#8243;][\/vc_column][vc_column width=\u00bb3\/4&#8243;][vc_custom_heading text=\u00bbCriterios de la audiencia de medios probatorios\u00bb font_container=\u00bbtag:h2|font_size:18|text_align:left|color:%23000000&#8243; google_fonts=\u00bbfont_family:Fira%20Sans%3A300%2C300italic%2C400%2C400italic%2C500%2C500italic%2C700%2C700italic|font_style:500%20bold%20regular%3A500%3Anormal\u00bb][vc_column_text]Esto solo ocurre cuando sea necesario presentar pruebas de lo ocurrido ante el (la) juez (a), cualquier persona puede servir de testigo y obligatoriamente necesitas una (a) Fiscal o apoderado (a) legal.[\/vc_column_text][\/vc_column][\/vc_row][vc_row][vc_column][vc_separator color=\u00bborange\u00bb border_width=\u00bb3&#8243; css=\u00bb.vc_custom_1589483904284{padding-top: 30px !important;padding-bottom: 30px !important;}\u00bb][\/vc_column][\/vc_row][vc_row][vc_column width=\u00bb1\/4&#8243;][vc_single_image image=\u00bb7667&#8243;][\/vc_column][vc_column width=\u00bb3\/4&#8243;][vc_custom_heading text=\u00bbSe dicta sentencia\u00bb font_container=\u00bbtag:h2|font_size:18|text_align:left|color:%23000000&#8243; google_fonts=\u00bbfont_family:Fira%20Sans%3A300%2C300italic%2C400%2C400italic%2C500%2C500italic%2C700%2C700italic|font_style:500%20bold%20regular%3A500%3Anormal\u00bb][vc_column_text]El (la) Juez (a) al dictar sentencia impondr\u00e1 los mecanismos de protecci\u00f3n y la sanci\u00f3n correspondiente.[\/vc_column_text][\/vc_column][\/vc_row][vc_row][vc_column][vc_separator color=\u00bborange\u00bb border_width=\u00bb3&#8243; css=\u00bb.vc_custom_1589483904284{padding-top: 30px !important;padding-bottom: 30px !important;}\u00bb][vc_single_image image=\u00bb7863&#8243; img_size=\u00bbfull\u00bb alignment=\u00bbcenter\u00bb][vc_empty_space][\/vc_column][\/vc_row]<\/p>\n<\/div>","protected":false},"excerpt":{"rendered":"<p>[vc_row][vc_column][vc_separator color=\u00bborange\u00bb border_width=\u00bb3&#8243; css=\u00bb.vc_custom_1589483904284{padding-top: 30px !important;padding-bottom: 30px !important;}\u00bb][\/vc_column][\/vc_row][vc_row][vc_column width=\u00bb1\/4&#8243;][vc_single_image image=\u00bb7663&#8243;][\/vc_column][vc_column width=\u00bb3\/4&#8243;][vc_custom_heading text=\u00bbPresentaci\u00f3n de la denuncia\u00bb font_container=\u00bbtag:h2|font_size:18|text_align:left|color:%23000000&#8243; google_fonts=\u00bbfont_family:Fira%20Sans%3A300%2C300italic%2C400%2C400italic%2C500%2C500italic%2C700%2C700italic|font_style:500%20bold%20regular%3A500%3Anormal\u00bb][vc_column_text]La denuncia la puedes presentar en: Ministerio P\u00fablico (Fiscal\u00eda Especial de la Mujer) Centro Integrado (San Pedro Sula, Tegucigalpa y La Ceiba). Direcci\u00f3n General de Investigaci\u00f3n (DGIC) Juzgados a nivel nacional. Posta Policial m\u00e1s cercana en la comunidad. La&#8230; <a class=\"read-more\" href=\"https:\/\/ahm-honduras.com\/?page_id=7580\"> READ MORE<\/a><\/p>\n","protected":false},"author":3,"featured_media":0,"parent":0,"menu_order":0,"comment_status":"closed","ping_status":"closed","template":"","meta":{"inline_featured_image":false,"footnotes":""},"class_list":["post-7580","page","type-page","status-publish","hentry"],"aioseo_notices":[],"_hostinger_reach_plugin_has_subscription_block":false,"_hostinger_reach_plugin_is_elementor":false,"_links":{"self":[{"href":"https:\/\/ahm-honduras.com\/index.php?rest_route=\/wp\/v2\/pages\/7580","targetHints":{"allow":["GET"]}}],"collection":[{"href":"https:\/\/ahm-honduras.com\/index.php?rest_route=\/wp\/v2\/pages"}],"about":[{"href":"https:\/\/ahm-honduras.com\/index.php?rest_route=\/wp\/v2\/types\/page"}],"author":[{"embeddable":true,"href":"https:\/\/ahm-honduras.com\/index.php?rest_route=\/wp\/v2\/users\/3"}],"replies":[{"embeddable":true,"href":"https:\/\/ahm-honduras.com\/index.php?rest_route=%2Fwp%2Fv2%2Fcomments&post=7580"}],"version-history":[{"count":0,"href":"https:\/\/ahm-honduras.com\/index.php?rest_route=\/wp\/v2\/pages\/7580\/revisions"}],"wp:attachment":[{"href":"https:\/\/ahm-honduras.com\/index.php?rest_route=%2Fwp%2Fv2%2Fmedia&parent=7580"}],"curies":[{"name":"wp","href":"https:\/\/api.w.org\/{rel}","templated":true}]}}