{"id":7578,"date":"2020-11-30T21:13:05","date_gmt":"2020-11-30T21:13:05","guid":{"rendered":"https:\/\/ahm-honduras.com\/?page_id=7578"},"modified":"2020-12-08T23:56:58","modified_gmt":"2020-12-08T23:56:58","slug":"impacto-en-las-empresas","status":"publish","type":"page","link":"https:\/\/ahm-honduras.com\/?page_id=7578","title":{"rendered":"Repercusiones"},"content":{"rendered":"<div class=\"wpb-content-wrapper\"><p>[vc_row][vc_column][vc_custom_heading text=\u00bbImpacto en trabajadores que sufren violencia dom\u00e9stica\u00bb font_container=\u00bbtag:h2|font_size:18|text_align:left|color:%23000000&#8243; google_fonts=\u00bbfont_family:Fira%20Sans%3A300%2C300italic%2C400%2C400italic%2C500%2C500italic%2C700%2C700italic|font_style:500%20bold%20regular%3A500%3Anormal\u00bb][vc_column_text]<\/p>\n<ul>\n<li>Estr\u00e9s post-traum\u00e1tico<\/li>\n<li>Depresi\u00f3n<\/li>\n<li>Irritabilidad<\/li>\n<li>Ansiedad<\/li>\n<li>Nerviosismo, inseguridad<\/li>\n<li>Victimizaci\u00f3n<\/li>\n<li>Problemas del sue\u00f1o<\/li>\n<li>Burnout<\/li>\n<li>Baja autoestima<\/li>\n<li>Fatiga cr\u00f3nica<\/li>\n<li>Pensamientos suicidas<\/li>\n<li>Dolores de cabeza<\/li>\n<li>Des\u00f3rdenes m\u00fasculo esquel\u00e9ticos<\/li>\n<li>Problemas digestivos<\/li>\n<li>Aislamiento<\/li>\n<\/ul>\n<p>[\/vc_column_text][vc_separator color=\u00bborange\u00bb border_width=\u00bb3&#8243; css=\u00bb.vc_custom_1589483904284{padding-top: 30px !important;padding-bottom: 30px !important;}\u00bb][vc_custom_heading text=\u00bbImpacto en las empresas cuando sus trabajadores sufren violencia dom\u00e9stica\u00bb font_container=\u00bbtag:h2|font_size:18|text_align:left|color:%23000000&#8243; google_fonts=\u00bbfont_family:Fira%20Sans%3A300%2C300italic%2C400%2C400italic%2C500%2C500italic%2C700%2C700italic|font_style:500%20bold%20regular%3A500%3Anormal\u00bb][vc_row_inner][vc_column_inner][vc_column_text]<\/p>\n<ul>\n<li>Baja productividad.<\/li>\n<li>Repercute negativamente en el clima laboral.<\/li>\n<li>Aumento de la rotaci\u00f3n y ausentismo.<\/li>\n<li>Incremento del costo por compra de medicamentos y seguros m\u00e9dicos, (siniestralidad\/sistema m\u00e9dico empresa).<\/li>\n<li>Incremento de costos al empleador (Contrataci\u00f3n para cubrir rotaci\u00f3n, reentrenamiento, pago de incapacidades, p\u00e9rdida de productividad, entre otros)<\/li>\n<li>Empleados desmotivados, con falta de creatividad e innovaci\u00f3<\/li>\n<li>Empleados renuentes al cambio o aceptar nuevos retos.<\/li>\n<\/ul>\n<p>[\/vc_column_text][\/vc_column_inner][\/vc_row_inner][vc_separator color=\u00bborange\u00bb border_width=\u00bb2&#8243; css=\u00bb.vc_custom_1589483898435{padding-top: 30px !important;padding-bottom: 30px !important;}\u00bb][vc_single_image image=\u00bb7863&#8243; img_size=\u00bbfull\u00bb alignment=\u00bbcenter\u00bb][vc_empty_space][\/vc_column][\/vc_row]<\/p>\n<\/div>","protected":false},"excerpt":{"rendered":"<p>[vc_row][vc_column][vc_custom_heading text=\u00bbImpacto en trabajadores que sufren violencia dom\u00e9stica\u00bb font_container=\u00bbtag:h2|font_size:18|text_align:left|color:%23000000&#8243; google_fonts=\u00bbfont_family:Fira%20Sans%3A300%2C300italic%2C400%2C400italic%2C500%2C500italic%2C700%2C700italic|font_style:500%20bold%20regular%3A500%3Anormal\u00bb][vc_column_text] Estr\u00e9s post-traum\u00e1tico Depresi\u00f3n Irritabilidad Ansiedad Nerviosismo, inseguridad Victimizaci\u00f3n Problemas del sue\u00f1o Burnout Baja autoestima Fatiga cr\u00f3nica Pensamientos suicidas Dolores de cabeza Des\u00f3rdenes m\u00fasculo esquel\u00e9ticos Problemas digestivos Aislamiento [\/vc_column_text][vc_separator color=\u00bborange\u00bb border_width=\u00bb3&#8243; css=\u00bb.vc_custom_1589483904284{padding-top: 30px !important;padding-bottom: 30px !important;}\u00bb][vc_custom_heading text=\u00bbImpacto en las empresas cuando sus trabajadores sufren violencia dom\u00e9stica\u00bb&#8230; <a class=\"read-more\" href=\"https:\/\/ahm-honduras.com\/?page_id=7578\"> READ MORE<\/a><\/p>\n","protected":false},"author":3,"featured_media":0,"parent":0,"menu_order":0,"comment_status":"closed","ping_status":"closed","template":"","meta":{"inline_featured_image":false,"footnotes":""},"class_list":["post-7578","page","type-page","status-publish","hentry"],"aioseo_notices":[],"_hostinger_reach_plugin_has_subscription_block":false,"_hostinger_reach_plugin_is_elementor":false,"_links":{"self":[{"href":"https:\/\/ahm-honduras.com\/index.php?rest_route=\/wp\/v2\/pages\/7578","targetHints":{"allow":["GET"]}}],"collection":[{"href":"https:\/\/ahm-honduras.com\/index.php?rest_route=\/wp\/v2\/pages"}],"about":[{"href":"https:\/\/ahm-honduras.com\/index.php?rest_route=\/wp\/v2\/types\/page"}],"author":[{"embeddable":true,"href":"https:\/\/ahm-honduras.com\/index.php?rest_route=\/wp\/v2\/users\/3"}],"replies":[{"embeddable":true,"href":"https:\/\/ahm-honduras.com\/index.php?rest_route=%2Fwp%2Fv2%2Fcomments&post=7578"}],"version-history":[{"count":0,"href":"https:\/\/ahm-honduras.com\/index.php?rest_route=\/wp\/v2\/pages\/7578\/revisions"}],"wp:attachment":[{"href":"https:\/\/ahm-honduras.com\/index.php?rest_route=%2Fwp%2Fv2%2Fmedia&parent=7578"}],"curies":[{"name":"wp","href":"https:\/\/api.w.org\/{rel}","templated":true}]}}