{"id":7574,"date":"2020-11-30T21:11:20","date_gmt":"2020-11-30T21:11:20","guid":{"rendered":"https:\/\/ahm-honduras.com\/?page_id=7574"},"modified":"2020-12-08T23:56:38","modified_gmt":"2020-12-08T23:56:38","slug":"cuestionario","status":"publish","type":"page","link":"https:\/\/ahm-honduras.com\/?page_id=7574","title":{"rendered":"Preguntas Frecuentes"},"content":{"rendered":"<div class=\"wpb-content-wrapper\"><p>[vc_row][vc_column]\t\t\t<div class=\"cortana-heading no-border left style1 \" >\n\t\t\t\t\t\t\t\t\t<h2 style=\"font-size:20px\">Preguntas Frecuentes<\/h2>\n\t\t\t\t\t\t\t<\/div>\n\t\t\t[vc_separator color=\u00bborange\u00bb border_width=\u00bb2&#8243; css=\u00bb.vc_custom_1607370922047{padding-top: 10px !important;padding-bottom: 40px !important;}\u00bb][vc_row_inner][vc_column_inner][vc_toggle title=\u00bb\u00bfQu\u00e9 hacer en caso de ser v\u00edctima de violencia dom\u00e9stica?\u00bb color=\u00bborange\u00bb]<\/p>\n<ul>\n<li>Ante un ataque inminente, llame al 911 o acuda a la posta policial m\u00e1s cercana.<\/li>\n<li>No se a\u00edsle, cu\u00e9nteselo a una persona de confianza y solicite ayuda.<\/li>\n<li>Si se ve imposibilitada de quedarse en su hogar, busque un lugar d\u00f3nde refugiarse en caso de emergencia.<\/li>\n<li>No se quede aguantando, pensando que todo pasar\u00e1 y que la calma volver\u00e1.<\/li>\n<li>Si tiene lesiones f\u00edsicas o psicol\u00f3gicas, o cree que puede tenerlas, acuda a un centro m\u00e9dico.<\/li>\n<li>Busque asistencia legal e inf\u00f3rmese sobre sus derechos y las leyes que la protegen.<\/li>\n<li>Registre las situaciones de violencia vividas, con fechas, detalles, testigos, n\u00famero o datos de identificaci\u00f3n de los polic\u00edas y m\u00e9dicos que la asistieron.<\/li>\n<li>Guarde todas las pruebas de violencia: ropa rota o ensangrentada, objetos destruidos, armas, etc.<\/li>\n<li>Si usted o sus hijos son v\u00edctimas de violencia, tienen derecho a dejar la casa, sin que se considere un abandono de familia. (Conviene que presente demanda de separaci\u00f3n o medidas provisionales en el juzgado)<\/li>\n<\/ul>\n<p>[\/vc_toggle][vc_toggle title=\u00bb\u00bfQui\u00e9n puede presentar la denuncia?\u00bb color=\u00bborange\u00bb]<\/p>\n<ul>\n<li>La mujer directamente agredida.<\/li>\n<li>Las ONG que asuman la defensa de los derechos fundamentales de la mujer y las organizaciones que en general atiendan la problem\u00e1tica familiar y los derechos humanos.<\/li>\n<li>Cualquier persona que conozca del caso.<\/li>\n<li>Cualquier miembro del grupo familiar.<\/li>\n<li>Cualquier funcionario, empleado p\u00fablico o profesional que por razones de su cargo tenga contacto con la mujer directamente afectada o con alg\u00fan miembro de la familia.<\/li>\n<\/ul>\n<p>[\/vc_toggle][vc_toggle title=\u00bb\u00bfC\u00f3mo y d\u00f3nde presentar una denuncia?\u00bb color=\u00bborange\u00bb]<strong>La denuncia la puedes presentar en:<\/strong><\/p>\n<ul>\n<li>Ministerio P\u00fablico (Fiscal\u00eda Especial de la Mujer)<\/li>\n<li>Centro Integrado (San Pedro Sula, Tegucigalpa y La Ceiba)<\/li>\n<li>Direcci\u00f3n General de Investigaci\u00f3n (DGIC)<\/li>\n<li>Juzgados a nivel nacional<\/li>\n<li>Posta Policial m\u00e1s cercana en la comunidad<\/li>\n<\/ul>\n<p><strong>Inf\u00f3rmate en la fiscal\u00eda de la mujer o en el\u00a0 juzgado contra la violencia dom\u00e9stica<\/strong><\/p>\n<p style=\"padding-left: 40px;\"><strong>SAN PEDRO SULA<br \/>\n<\/strong>Juzgado Especial contra la Violencia Dom\u00e9stica: Tel. 2509-4013<br \/>\nFiscal\u00eda de la Mujer, Bo. Lempira: Tel. 2552-1496\/ 2552-7665\/ 2552-9230<\/p>\n<p style=\"padding-left: 40px;\"><strong>TEGUCIGALPA<br \/>\n<\/strong>Juzgado contra la Violencia Dom\u00e9stica: Tel. 2202-5236<br \/>\nFiscal\u00eda de la Mujer: Tel. 2221-3099 Ext. 3451\/3002<\/p>\n<p style=\"padding-left: 40px;\"><strong>CHOLOMA:<br \/>\n<\/strong>Oficina Municipal de la Mujer en Choloma: Tel. 2626-7535<br \/>\nPolic\u00eda de Choloma: Tel. 2669-3333<\/p>\n<p style=\"padding-left: 40px;\"><strong>VILLANUEVA:<br \/>\n<\/strong>Oficina Municipal de la Mujer: Tel. 2670-4445<br \/>\nPolic\u00eda de Villanueva: Tel. 2670-4023<\/p>\n<p>[\/vc_toggle][vc_toggle title=\u00bb\u00bfExiste asesor\u00eda legal gratuita a la que pueden acceder las mujeres v\u00edctimas de violencia dom\u00e9stica?\u00bb color=\u00bborange\u00bb]Si existe, puede acudir al Programa Ciudad Mujer, Choloma, San Pedro Sula o Tegucigalpa, donde encontrar\u00e1 un programa integral de apoyo para las v\u00edctimas de violencia dom\u00e9stica y algunas oficinas municipales de la mujer y otras ONG. (Le invitamos a ver nuestro directorio de instituciones que brindan apoyo)[\/vc_toggle][vc_toggle title=\u00bb\u00bfQui\u00e9nes imponen las medidas de seguridad?\u00bb color=\u00bborange\u00bb]<strong>Los impone:<\/strong> La Polic\u00eda, el Ministerio P\u00fablico y el Juzgado, con la sola presentaci\u00f3n de denuncia, y la medida m\u00e1s adecuada es poner la denuncia para prevenir da\u00f1os mayores.<\/p>\n<p>Las medidas de seguridad son temporales, no inferiores a dos meses ni superiores a seis meses; las\u00a0 puede\u00a0 imponer: la\u00a0 Polic\u00eda; el Ministerio P\u00fablico y el Juez Contra\u00a0 la\u00a0 Violencia\u00a0 Dom\u00e9stica.[\/vc_toggle][vc_toggle title=\u00bb\u00bfQu\u00e9 pasa cuando es la mujer quien comete los actos de agresi\u00f3n?\u00bb color=\u00bborange\u00bb]Cuando sea la mujer el sujeto activo de la violencia dom\u00e9stica, de acuerdo con la Ley de Violencia Dom\u00e9stica, tanto los Juzgados y Tribunales competentes, como el Ministerio P\u00fablico y la Polic\u00eda, podr\u00e1n aplicar una o m\u00e1s medidas de seguridad.<\/p>\n<p>Estas medidas proceder\u00e1n siempre y cuando se hubiere comprobado que tales agresiones no constituyen una respuesta a agresiones sufridas por la mujer, por parte del supuesto agredido. <strong>(<\/strong><strong>Art. 9 Ley Especial Contra la Violencia Dom\u00e9stica)<\/strong><\/p>\n<p>De comprobarse que la Violencia Dom\u00e9stica ejercida por la mujer es una respuesta a las agresiones sufridas, no denunciadas por la misma; es decir, sin que la no denuncia obedezca a coacci\u00f3n, temor u otra restricci\u00f3n, el juez o tribunal competente, aplicar\u00e1n a ambos miembros de la pareja las medidas de seguridad que esta ley enuncia.[\/vc_toggle][\/vc_column_inner][\/vc_row_inner][vc_separator color=\u00bborange\u00bb border_width=\u00bb2&#8243; css=\u00bb.vc_custom_1607370811640{padding-top: 30px !important;padding-bottom: 30px !important;}\u00bb][vc_single_image image=\u00bb7863&#8243; img_size=\u00bbfull\u00bb alignment=\u00bbcenter\u00bb][vc_empty_space][\/vc_column][\/vc_row]<\/p>\n<\/div>","protected":false},"excerpt":{"rendered":"<p>[vc_row][vc_column][vc_separator color=\u00bborange\u00bb border_width=\u00bb2&#8243; css=\u00bb.vc_custom_1607370922047{padding-top: 10px !important;padding-bottom: 40px !important;}\u00bb][vc_row_inner][vc_column_inner][vc_toggle title=\u00bb\u00bfQu\u00e9 hacer en caso de ser v\u00edctima de violencia dom\u00e9stica?\u00bb color=\u00bborange\u00bb] Ante un ataque inminente, llame al 911 o acuda a la posta policial m\u00e1s cercana. No se a\u00edsle, cu\u00e9nteselo a una persona de confianza y solicite ayuda. Si se ve imposibilitada de quedarse en su hogar,&#8230; <a class=\"read-more\" href=\"https:\/\/ahm-honduras.com\/?page_id=7574\"> READ MORE<\/a><\/p>\n","protected":false},"author":3,"featured_media":0,"parent":0,"menu_order":0,"comment_status":"closed","ping_status":"closed","template":"","meta":{"inline_featured_image":false,"footnotes":""},"class_list":["post-7574","page","type-page","status-publish","hentry"],"aioseo_notices":[],"_hostinger_reach_plugin_has_subscription_block":false,"_hostinger_reach_plugin_is_elementor":false,"_links":{"self":[{"href":"https:\/\/ahm-honduras.com\/index.php?rest_route=\/wp\/v2\/pages\/7574","targetHints":{"allow":["GET"]}}],"collection":[{"href":"https:\/\/ahm-honduras.com\/index.php?rest_route=\/wp\/v2\/pages"}],"about":[{"href":"https:\/\/ahm-honduras.com\/index.php?rest_route=\/wp\/v2\/types\/page"}],"author":[{"embeddable":true,"href":"https:\/\/ahm-honduras.com\/index.php?rest_route=\/wp\/v2\/users\/3"}],"replies":[{"embeddable":true,"href":"https:\/\/ahm-honduras.com\/index.php?rest_route=%2Fwp%2Fv2%2Fcomments&post=7574"}],"version-history":[{"count":0,"href":"https:\/\/ahm-honduras.com\/index.php?rest_route=\/wp\/v2\/pages\/7574\/revisions"}],"wp:attachment":[{"href":"https:\/\/ahm-honduras.com\/index.php?rest_route=%2Fwp%2Fv2%2Fmedia&parent=7574"}],"curies":[{"name":"wp","href":"https:\/\/api.w.org\/{rel}","templated":true}]}}