{"id":7572,"date":"2020-11-30T21:09:39","date_gmt":"2020-11-30T21:09:39","guid":{"rendered":"https:\/\/ahm-honduras.com\/?page_id=7572"},"modified":"2020-12-08T23:56:19","modified_gmt":"2020-12-08T23:56:19","slug":"tipos-de-violencia-domestica","status":"publish","type":"page","link":"https:\/\/ahm-honduras.com\/?page_id=7572","title":{"rendered":"Tipos de Violencia Dom\u00e9stica"},"content":{"rendered":"<div class=\"wpb-content-wrapper\"><p>[vc_row][vc_column]\t\t\t<div class=\"cortana-heading no-border left style1 \" >\n\t\t\t\t\t\t\t\t\t<h2 style=\"font-size:20px\">TIPOS DE VIOLENCIA DOM\u00c9STICA<\/h2>\n\t\t\t\t\t\t\t<\/div>\n\t\t\t[vc_separator color=\u00bborange\u00bb border_width=\u00bb3&#8243; css=\u00bb.vc_custom_1607111014256{padding-top: 10px !important;padding-bottom: 30px !important;}\u00bb][vc_row_inner][vc_column_inner width=\u00bb1\/2&#8243;][vc_custom_heading text=\u00bbF\u00cdSICA\u00bb font_container=\u00bbtag:h2|font_size:18|text_align:left|color:%23000000&#8243; google_fonts=\u00bbfont_family:Fira%20Sans%3A300%2C300italic%2C400%2C400italic%2C500%2C500italic%2C700%2C700italic|font_style:500%20bold%20regular%3A500%3Anormal\u00bb][vc_single_image image=\u00bb7609&#8243; img_size=\u00bbmedium\u00bb][vc_column_text]Golpes, patadas, mordidas, empujones, jalones de pelo.[\/vc_column_text][\/vc_column_inner][vc_column_inner width=\u00bb1\/2&#8243;][vc_custom_heading text=\u00bbPSICOL\u00d3GICA\u00bb font_container=\u00bbtag:h2|font_size:18|text_align:left|color:%23000000&#8243; google_fonts=\u00bbfont_family:Fira%20Sans%3A300%2C300italic%2C400%2C400italic%2C500%2C500italic%2C700%2C700italic|font_style:500%20bold%20regular%3A500%3Anormal\u00bb][vc_single_image image=\u00bb7610&#8243; img_size=\u00bbmedium\u00bb][vc_column_text]Te insulta, te humilla, te a\u00edsla, te cela, te vigila.[\/vc_column_text][\/vc_column_inner][\/vc_row_inner][vc_empty_space][vc_row_inner][vc_column_inner width=\u00bb1\/2&#8243;][vc_custom_heading text=\u00bbSEXUAL\u00bb font_container=\u00bbtag:h2|font_size:18|text_align:left|color:%23000000&#8243; google_fonts=\u00bbfont_family:Fira%20Sans%3A300%2C300italic%2C400%2C400italic%2C500%2C500italic%2C700%2C700italic|font_style:500%20bold%20regular%3A500%3Anormal\u00bb][vc_single_image image=\u00bb7612&#8243; img_size=\u00bbmedium\u00bb][vc_column_text]Relaci\u00f3n forzada con amenazas o m\u00e9todos y formas no deseadas.[\/vc_column_text][\/vc_column_inner][vc_column_inner width=\u00bb1\/2&#8243;][vc_custom_heading text=\u00bbPATRIMONIAL\u00bb font_container=\u00bbtag:h2|font_size:18|text_align:left|color:%23000000&#8243; google_fonts=\u00bbfont_family:Fira%20Sans%3A300%2C300italic%2C400%2C400italic%2C500%2C500italic%2C700%2C700italic|font_style:500%20bold%20regular%3A500%3Anormal\u00bb][vc_single_image image=\u00bb7642&#8243; img_size=\u00bblarge\u00bb][vc_column_text]Maneja tu sueldo, te impide trabajar, te oculta la existencia de bienes,\u00a0\u00a0 destrucci\u00f3n de muebles, ropa, casa, venta de art\u00edculos del hogar, o privaci\u00f3n de alimentos.[\/vc_column_text][\/vc_column_inner][\/vc_row_inner][vc_empty_space][vc_row_inner][vc_column_inner width=\u00bb1\/2&#8243;][vc_custom_heading text=\u00bbSIMB\u00d3LICA\u00bb font_container=\u00bbtag:h2|font_size:18|text_align:left|color:%23000000&#8243; google_fonts=\u00bbfont_family:Fira%20Sans%3A300%2C300italic%2C400%2C400italic%2C500%2C500italic%2C700%2C700italic|font_style:500%20bold%20regular%3A500%3Anormal\u00bb][vc_single_image image=\u00bb7613&#8243; img_size=\u00bbmedium\u00bb][vc_column_text]Chistes, bromas relacionadas con la falta de inteligencia, destrezas, publicaciones que la mujer solo es ama de casa o solo es la madre de mis hijos.[\/vc_column_text][\/vc_column_inner][vc_column_inner width=\u00bb1\/2&#8243;][vc_empty_space height=\u00bb20&#8243;][vc_column_text css=\u00bb.vc_custom_1607111639380{padding-top: 20px !important;padding-bottom: 20px !important;padding-left: 20px !important;background-color: #ffb407 !important;border-radius: 20px !important;}\u00bb]<strong>ANTE CUALQUIER TIPO DE VIOLENCIA:<\/strong><\/p>\n<ul>\n<li><strong>\u00a1Habla! <\/strong><\/li>\n<li><strong>\u00a1Pide ayuda!<\/strong><\/li>\n<li><strong>\u00a1Sal del c\u00edrculo!<\/strong><\/li>\n<li><strong>\u00a1NO EST\u00c1S SOLA!<\/strong><\/li>\n<li><strong>\u00a1Denuncia! <\/strong><\/li>\n<\/ul>\n<p><strong>Llama al 911 o acude al Ministerio P\u00fablico<\/strong>[\/vc_column_text][\/vc_column_inner][\/vc_row_inner][vc_separator color=\u00bborange\u00bb border_width=\u00bb3&#8243; css=\u00bb.vc_custom_1589483904284{padding-top: 30px !important;padding-bottom: 30px !important;}\u00bb][vc_single_image image=\u00bb7863&#8243; img_size=\u00bbfull\u00bb alignment=\u00bbcenter\u00bb][vc_empty_space][\/vc_column][\/vc_row]<\/p>\n<\/div>","protected":false},"excerpt":{"rendered":"<p>[vc_row][vc_column][vc_separator color=\u00bborange\u00bb border_width=\u00bb3&#8243; css=\u00bb.vc_custom_1607111014256{padding-top: 10px !important;padding-bottom: 30px !important;}\u00bb][vc_row_inner][vc_column_inner width=\u00bb1\/2&#8243;][vc_custom_heading text=\u00bbF\u00cdSICA\u00bb font_container=\u00bbtag:h2|font_size:18|text_align:left|color:%23000000&#8243; google_fonts=\u00bbfont_family:Fira%20Sans%3A300%2C300italic%2C400%2C400italic%2C500%2C500italic%2C700%2C700italic|font_style:500%20bold%20regular%3A500%3Anormal\u00bb][vc_single_image image=\u00bb7609&#8243; img_size=\u00bbmedium\u00bb][vc_column_text]Golpes, patadas, mordidas, empujones, jalones de pelo.[\/vc_column_text][\/vc_column_inner][vc_column_inner width=\u00bb1\/2&#8243;][vc_custom_heading text=\u00bbPSICOL\u00d3GICA\u00bb font_container=\u00bbtag:h2|font_size:18|text_align:left|color:%23000000&#8243; google_fonts=\u00bbfont_family:Fira%20Sans%3A300%2C300italic%2C400%2C400italic%2C500%2C500italic%2C700%2C700italic|font_style:500%20bold%20regular%3A500%3Anormal\u00bb][vc_single_image image=\u00bb7610&#8243; img_size=\u00bbmedium\u00bb][vc_column_text]Te insulta, te humilla, te a\u00edsla, te cela, te vigila.[\/vc_column_text][\/vc_column_inner][\/vc_row_inner][vc_empty_space][vc_row_inner][vc_column_inner width=\u00bb1\/2&#8243;][vc_custom_heading text=\u00bbSEXUAL\u00bb font_container=\u00bbtag:h2|font_size:18|text_align:left|color:%23000000&#8243; google_fonts=\u00bbfont_family:Fira%20Sans%3A300%2C300italic%2C400%2C400italic%2C500%2C500italic%2C700%2C700italic|font_style:500%20bold%20regular%3A500%3Anormal\u00bb][vc_single_image image=\u00bb7612&#8243; img_size=\u00bbmedium\u00bb][vc_column_text]Relaci\u00f3n forzada con amenazas o m\u00e9todos y formas no deseadas.[\/vc_column_text][\/vc_column_inner][vc_column_inner width=\u00bb1\/2&#8243;][vc_custom_heading text=\u00bbPATRIMONIAL\u00bb font_container=\u00bbtag:h2|font_size:18|text_align:left|color:%23000000&#8243; google_fonts=\u00bbfont_family:Fira%20Sans%3A300%2C300italic%2C400%2C400italic%2C500%2C500italic%2C700%2C700italic|font_style:500%20bold%20regular%3A500%3Anormal\u00bb][vc_single_image image=\u00bb7642&#8243;&#8230; <a class=\"read-more\" href=\"https:\/\/ahm-honduras.com\/?page_id=7572\"> READ MORE<\/a><\/p>\n","protected":false},"author":3,"featured_media":0,"parent":0,"menu_order":0,"comment_status":"closed","ping_status":"closed","template":"","meta":{"inline_featured_image":false,"footnotes":""},"class_list":["post-7572","page","type-page","status-publish","hentry"],"aioseo_notices":[],"_hostinger_reach_plugin_has_subscription_block":false,"_hostinger_reach_plugin_is_elementor":false,"_links":{"self":[{"href":"https:\/\/ahm-honduras.com\/index.php?rest_route=\/wp\/v2\/pages\/7572","targetHints":{"allow":["GET"]}}],"collection":[{"href":"https:\/\/ahm-honduras.com\/index.php?rest_route=\/wp\/v2\/pages"}],"about":[{"href":"https:\/\/ahm-honduras.com\/index.php?rest_route=\/wp\/v2\/types\/page"}],"author":[{"embeddable":true,"href":"https:\/\/ahm-honduras.com\/index.php?rest_route=\/wp\/v2\/users\/3"}],"replies":[{"embeddable":true,"href":"https:\/\/ahm-honduras.com\/index.php?rest_route=%2Fwp%2Fv2%2Fcomments&post=7572"}],"version-history":[{"count":0,"href":"https:\/\/ahm-honduras.com\/index.php?rest_route=\/wp\/v2\/pages\/7572\/revisions"}],"wp:attachment":[{"href":"https:\/\/ahm-honduras.com\/index.php?rest_route=%2Fwp%2Fv2%2Fmedia&parent=7572"}],"curies":[{"name":"wp","href":"https:\/\/api.w.org\/{rel}","templated":true}]}}