{"id":7558,"date":"2020-11-30T21:02:56","date_gmt":"2020-11-30T21:02:56","guid":{"rendered":"https:\/\/ahm-honduras.com\/?page_id=7558"},"modified":"2020-12-09T00:10:24","modified_gmt":"2020-12-09T00:10:24","slug":"capacitacion-en-el-tema","status":"publish","type":"page","link":"https:\/\/ahm-honduras.com\/?page_id=7558","title":{"rendered":"Capacitaci\u00f3n en el Tema"},"content":{"rendered":"<div class=\"wpb-content-wrapper\"><p>[vc_row][vc_column]\t\t\t<div class=\"cortana-heading no-border left style1 \" >\n\t\t\t\t\t\t\t\t\t<h2 style=\"font-size:20px\">CAPACITACI\u00d3N en el \u00e1rea de la Violencia Dom\u00e9stica<\/h2>\n\t\t\t\t\t\t\t<\/div>\n\t\t\t[vc_column_text css=\u00bb.vc_custom_1607467986141{padding-bottom: 20px !important;}\u00bb]El Programa PROCINCO a trav\u00e9s de la Unidad de Cumplimiento Social, tiene a disposici\u00f3n de las empresas afiliadas el seminario Violencia Dom\u00e9stica con una duraci\u00f3n de 4 horas, impartido por una instructora abogada con el prop\u00f3sito de despejar cualquier duda que surja durante el curso.[\/vc_column_text][vc_separator color=\u00bborange\u00bb border_width=\u00bb2&#8243; css=\u00bb.vc_custom_1607371495610{padding-top: 20px !important;padding-bottom: 30px !important;}\u00bb][vc_row_inner][vc_column_inner][vc_column_text css=\u00bb.vc_custom_1607371219958{padding-bottom: 20px !important;}\u00bb]<strong>Seminario sobre la Violencia Dom\u00e9stica<\/strong><\/p>\n<p>La violencia dom\u00e9stica es un aspecto social cada vez m\u00e1s relevante que afecta a diversos sectores de la poblaci\u00f3n. En las \u00faltimas d\u00e9cadas la violencia dom\u00e9stica era un tema sin trascendencia y hasta hace algunos a\u00f1os ha ido tomando una fuerza inusitada dentro de nuestra sociedad.<\/p>\n<p>Todo acto de violencia que implica un abuso de poder de parte de quien ejerce el maltrato tiene como resultado, un da\u00f1o f\u00edsico, patrimonial, sexual y psicol\u00f3gico, incluyendo amenazas, la coerci\u00f3n o la privaci\u00f3n arbitraria de la libertad, ya sea en la vida p\u00fablica o en la privada.[\/vc_column_text][\/vc_column_inner][\/vc_row_inner][vc_column_text]<strong>Contenido:<\/strong>[\/vc_column_text][\/vc_column][\/vc_row][vc_row][vc_column width=\u00bb1\/2&#8243;][vc_column_text]<\/p>\n<ul>\n<li>Conceptos<\/li>\n<li>Fases del proceso<\/li>\n<li>V\u00edctimas y agresores<\/li>\n<li>Tipos de violencia<\/li>\n<li>Factores que facilitan la violencia<\/li>\n<li>Consecuencias para la v\u00edctima<\/li>\n<li>\u00bfQu\u00e9 hacer en caso de sufrir violencia dom\u00e9stica?<\/li>\n<\/ul>\n<p>[\/vc_column_text][\/vc_column][vc_column width=\u00bb1\/2&#8243;][vc_column_text]<\/p>\n<ul>\n<li>Consejos para seguridad de la v\u00edctima<\/li>\n<li>Agresiones sexuales, \u00bfQu\u00e9 hacer?<\/li>\n<li>Datos estad\u00edsticos<\/li>\n<li>Rol del estado<\/li>\n<li>Legislaci\u00f3n existente<\/li>\n<li>Denuncia falsa<\/li>\n<li>Otras formas de violencia<\/li>\n<li>Instituciones de apoyo<\/li>\n<\/ul>\n<p>[\/vc_column_text][\/vc_column][\/vc_row][vc_row][vc_column][vc_column_text]<strong>Duraci\u00f3n:<\/strong>[\/vc_column_text][vc_column_text]El seminario \u2013 taller se desarrollar\u00e1 en 4 horas de instrucci\u00f3n y est\u00e1 orientado para personal de gerencia, recursos humanos, mandos medios y trabajadores en general. Se recomienda separar por niveles jer\u00e1rquicos.[\/vc_column_text][vc_separator color=\u00bborange\u00bb border_width=\u00bb2&#8243; css=\u00bb.vc_custom_1589483898435{padding-top: 30px !important;padding-bottom: 30px !important;}\u00bb][vc_column_text]<strong>Para mayor informaci\u00f3n acerca del curso pueden contactar a la Lic. Lidia Gir\u00f3n al correo:\u00a0<a href=\"mailto:servicioslaborales@ahm-honduras.com\">servicioslaborales@ahm-honduras.com<\/a><\/strong>[\/vc_column_text][vc_separator color=\u00bborange\u00bb border_width=\u00bb2&#8243; css=\u00bb.vc_custom_1589483898435{padding-top: 30px !important;padding-bottom: 30px !important;}\u00bb][vc_single_image image=\u00bb7863&#8243; img_size=\u00bbfull\u00bb alignment=\u00bbcenter\u00bb][vc_empty_space][\/vc_column][\/vc_row]<\/p>\n<\/div>","protected":false},"excerpt":{"rendered":"<p>[vc_row][vc_column][vc_column_text css=\u00bb.vc_custom_1607467986141{padding-bottom: 20px !important;}\u00bb]El Programa PROCINCO a trav\u00e9s de la Unidad de Cumplimiento Social, tiene a disposici\u00f3n de las empresas afiliadas el seminario Violencia Dom\u00e9stica con una duraci\u00f3n de 4 horas, impartido por una instructora abogada con el prop\u00f3sito de despejar cualquier duda que surja durante el curso.[\/vc_column_text][vc_separator color=\u00bborange\u00bb border_width=\u00bb2&#8243; css=\u00bb.vc_custom_1607371495610{padding-top: 20px !important;padding-bottom: 30px !important;}\u00bb][vc_row_inner][vc_column_inner][vc_column_text&#8230; <a class=\"read-more\" href=\"https:\/\/ahm-honduras.com\/?page_id=7558\"> READ MORE<\/a><\/p>\n","protected":false},"author":3,"featured_media":0,"parent":0,"menu_order":0,"comment_status":"closed","ping_status":"closed","template":"","meta":{"inline_featured_image":false,"footnotes":""},"class_list":["post-7558","page","type-page","status-publish","hentry"],"aioseo_notices":[],"_hostinger_reach_plugin_has_subscription_block":false,"_hostinger_reach_plugin_is_elementor":false,"_links":{"self":[{"href":"https:\/\/ahm-honduras.com\/index.php?rest_route=\/wp\/v2\/pages\/7558","targetHints":{"allow":["GET"]}}],"collection":[{"href":"https:\/\/ahm-honduras.com\/index.php?rest_route=\/wp\/v2\/pages"}],"about":[{"href":"https:\/\/ahm-honduras.com\/index.php?rest_route=\/wp\/v2\/types\/page"}],"author":[{"embeddable":true,"href":"https:\/\/ahm-honduras.com\/index.php?rest_route=\/wp\/v2\/users\/3"}],"replies":[{"embeddable":true,"href":"https:\/\/ahm-honduras.com\/index.php?rest_route=%2Fwp%2Fv2%2Fcomments&post=7558"}],"version-history":[{"count":0,"href":"https:\/\/ahm-honduras.com\/index.php?rest_route=\/wp\/v2\/pages\/7558\/revisions"}],"wp:attachment":[{"href":"https:\/\/ahm-honduras.com\/index.php?rest_route=%2Fwp%2Fv2%2Fmedia&parent=7558"}],"curies":[{"name":"wp","href":"https:\/\/api.w.org\/{rel}","templated":true}]}}