{"id":7538,"date":"2020-11-30T17:43:08","date_gmt":"2020-11-30T17:43:08","guid":{"rendered":"https:\/\/ahm-honduras.com\/?page_id=7538"},"modified":"2020-12-08T23:53:37","modified_gmt":"2020-12-08T23:53:37","slug":"violencia-domestica","status":"publish","type":"page","link":"https:\/\/ahm-honduras.com\/?page_id=7538","title":{"rendered":"Informaci\u00f3n General"},"content":{"rendered":"<div class=\"wpb-content-wrapper\"><p>[vc_row][vc_column][vc_custom_heading text=\u00bbViolencia Dom\u00e9stica\u00bb font_container=\u00bbtag:h2|font_size:18|text_align:left|color:%23000000&#8243; google_fonts=\u00bbfont_family:Fira%20Sans%3A300%2C300italic%2C400%2C400italic%2C500%2C500italic%2C700%2C700italic|font_style:500%20bold%20regular%3A500%3Anormal\u00bb][vc_row_inner][vc_column_inner][vc_column_text]La violencia dom\u00e9stica es un aspecto social cada vez m\u00e1s relevante que afecta a diversos sectores de la poblaci\u00f3n. En las \u00faltimas d\u00e9cadas, la violencia dom\u00e9stica era un tema sin trascendencia y hasta hace algunos a\u00f1os ha ido tomando una fuerza inusitada dentro de nuestra sociedad.<\/p>\n<p>Todo acto de violencia que implica un abuso de poder de parte de quien ejerce el maltrato tiene como resultado, un da\u00f1o f\u00edsico, patrimonial, sexual y psicol\u00f3gico, incluyendo amenazas, la coerci\u00f3n o la privaci\u00f3n arbitraria de la libertad, ya sea en la vida p\u00fablica o privada.[\/vc_column_text][\/vc_column_inner][\/vc_row_inner][vc_separator color=\u00bborange\u00bb border_width=\u00bb3&#8243; css=\u00bb.vc_custom_1589483904284{padding-top: 30px !important;padding-bottom: 30px !important;}\u00bb][vc_custom_heading text=\u00bb\u00bfQu\u00e9 es la Violencia Dom\u00e9stica?\u00bb font_container=\u00bbtag:h2|font_size:18|text_align:left|color:%23000000&#8243; google_fonts=\u00bbfont_family:Fira%20Sans%3A300%2C300italic%2C400%2C400italic%2C500%2C500italic%2C700%2C700italic|font_style:500%20bold%20regular%3A500%3Anormal\u00bb][vc_column_text]Es todo patr\u00f3n de conducta asociado a una situaci\u00f3n de ejercicio desigual de poder que se manifieste en el uso de la fuerza f\u00edsica, violencia psicol\u00f3gica, patrimonial, sexual, intimidaci\u00f3n o persecuci\u00f3n contra una persona.<strong>\u00a0<\/strong><\/p>\n<p><strong>La violencia dom\u00e9stica causa:<\/strong><\/p>\n<ul>\n<li>Dolor<\/li>\n<li>Pena<\/li>\n<li>Sufrimiento<\/li>\n<li>Humillaci\u00f3n<\/li>\n<\/ul>\n<p>[\/vc_column_text][\/vc_column][\/vc_row][vc_row][vc_column][vc_separator color=\u00bborange\u00bb border_width=\u00bb2&#8243; css=\u00bb.vc_custom_1589483898435{padding-top: 30px !important;padding-bottom: 30px !important;}\u00bb][vc_single_image image=\u00bb7863&#8243; img_size=\u00bbfull\u00bb alignment=\u00bbcenter\u00bb][vc_empty_space][\/vc_column][\/vc_row]<\/p>\n<\/div>","protected":false},"excerpt":{"rendered":"<p>[vc_row][vc_column][vc_custom_heading text=\u00bbViolencia Dom\u00e9stica\u00bb font_container=\u00bbtag:h2|font_size:18|text_align:left|color:%23000000&#8243; google_fonts=\u00bbfont_family:Fira%20Sans%3A300%2C300italic%2C400%2C400italic%2C500%2C500italic%2C700%2C700italic|font_style:500%20bold%20regular%3A500%3Anormal\u00bb][vc_row_inner][vc_column_inner][vc_column_text]La violencia dom\u00e9stica es un aspecto social cada vez m\u00e1s relevante que afecta a diversos sectores de la poblaci\u00f3n. En las \u00faltimas d\u00e9cadas, la violencia dom\u00e9stica era un tema sin trascendencia y hasta hace algunos a\u00f1os ha ido tomando una fuerza inusitada dentro de nuestra sociedad. Todo acto de violencia que&#8230; <a class=\"read-more\" href=\"https:\/\/ahm-honduras.com\/?page_id=7538\"> READ MORE<\/a><\/p>\n","protected":false},"author":3,"featured_media":0,"parent":0,"menu_order":0,"comment_status":"closed","ping_status":"closed","template":"","meta":{"inline_featured_image":false,"footnotes":""},"class_list":["post-7538","page","type-page","status-publish","hentry"],"aioseo_notices":[],"_hostinger_reach_plugin_has_subscription_block":false,"_hostinger_reach_plugin_is_elementor":false,"_links":{"self":[{"href":"https:\/\/ahm-honduras.com\/index.php?rest_route=\/wp\/v2\/pages\/7538","targetHints":{"allow":["GET"]}}],"collection":[{"href":"https:\/\/ahm-honduras.com\/index.php?rest_route=\/wp\/v2\/pages"}],"about":[{"href":"https:\/\/ahm-honduras.com\/index.php?rest_route=\/wp\/v2\/types\/page"}],"author":[{"embeddable":true,"href":"https:\/\/ahm-honduras.com\/index.php?rest_route=\/wp\/v2\/users\/3"}],"replies":[{"embeddable":true,"href":"https:\/\/ahm-honduras.com\/index.php?rest_route=%2Fwp%2Fv2%2Fcomments&post=7538"}],"version-history":[{"count":0,"href":"https:\/\/ahm-honduras.com\/index.php?rest_route=\/wp\/v2\/pages\/7538\/revisions"}],"wp:attachment":[{"href":"https:\/\/ahm-honduras.com\/index.php?rest_route=%2Fwp%2Fv2%2Fmedia&parent=7538"}],"curies":[{"name":"wp","href":"https:\/\/api.w.org\/{rel}","templated":true}]}}