{"id":6106,"date":"2020-05-14T02:17:29","date_gmt":"2020-05-14T02:17:29","guid":{"rendered":"https:\/\/ahm-honduras.com\/?page_id=6106"},"modified":"2020-08-10T21:31:28","modified_gmt":"2020-08-10T21:31:28","slug":"donaciones","status":"publish","type":"page","link":"https:\/\/ahm-honduras.com\/?page_id=6106","title":{"rendered":"DONACIONES"},"content":{"rendered":"<div class=\"wpb-content-wrapper\"><p>[vc_row][vc_column][vc_row_inner][vc_column_inner width=\u00bb3\/4&#8243;][vc_video link=\u00bbhttps:\/\/youtu.be\/LeIHV5moJRM\u00bb css=\u00bb.vc_custom_1589660231663{padding-bottom: 20px !important;}\u00bb][vc_custom_heading text=\u00bbDONACIONES DE LA AHM Y SUS EMPRESAS AFILIADAS\u00bb font_container=\u00bbtag:h2|font_size:18|text_align:left|color:%23000000&#8243; google_fonts=\u00bbfont_family:Fira%20Sans%3A300%2C300italic%2C400%2C400italic%2C500%2C500italic%2C700%2C700italic|font_style:500%20bold%20regular%3A500%3Anormal\u00bb][vc_column_text]En una respuesta r\u00e1pida e inmediata despu\u00e9s de la declaraci\u00f3n de alerta emitida por el gobierno de la rep\u00fablica y las autoridades de salud, por la llegada del Covid 19 al pa\u00eds, La Asociaci\u00f3n Hondure\u00f1a de Maquiladores en conjunto con sus empresas afiliadas ha venido desarrollando desde esa fecha un programa constante de donaciones con una inversi\u00f3n que asciende los <strong>25 millones<\/strong> de lempiras y que consiste en indumentaria m\u00e9dica y otros insumos, a m\u00e1s de <strong>40 <\/strong>hospitales p\u00fablicos y centros de salud a nivel nacional, as\u00ed como a entidades de Gobierno como COPECO, Fuerzas Armadas, Polic\u00eda Nacional, ONG y otras m\u00e1s de <strong>35<\/strong> organizaciones, instituciones y movimientos de voluntariados que trabajan arduamente ante la emergencia por el coronavirus.[\/vc_column_text][\/vc_column_inner][vc_column_inner width=\u00bb1\/4&#8243;][vc_single_image image=\u00bb6268&#8243; img_size=\u00bblarge\u00bb css=\u00bb.vc_custom_1589664405389{padding-top: 0px !important;}\u00bb][vc_single_image image=\u00bb6317&#8243; img_size=\u00bblarge\u00bb css=\u00bb.vc_custom_1589664427811{padding-top: 20px !important;}\u00bb][vc_single_image image=\u00bb6312&#8243; img_size=\u00bblarge\u00bb css=\u00bb.vc_custom_1589664451736{padding-top: 20px !important;}\u00bb][vc_single_image image=\u00bb6339&#8243; img_size=\u00bblarge\u00bb css=\u00bb.vc_custom_1589664671300{padding-top: 20px !important;}\u00bb][vc_single_image image=\u00bb6284&#8243; img_size=\u00bblarge\u00bb css=\u00bb.vc_custom_1589664757822{padding-top: 20px !important;}\u00bb][\/vc_column_inner][\/vc_row_inner][vc_separator color=\u00bborange\u00bb border_width=\u00bb2&#8243; css=\u00bb.vc_custom_1589483898435{padding-top: 30px !important;padding-bottom: 30px !important;}\u00bb][vc_custom_heading text=\u00bbALGUNAS DE LAS ENTREGAS HECHAS POR PARTE DE LA AHM Y<br \/>\nDE FORMA DIRECTA A LOS HOSPITALES Y CENTROS DE SALUD:\u00bb font_container=\u00bbtag:h2|font_size:18|text_align:left|color:%23000000|line_height:1.5&#8243; google_fonts=\u00bbfont_family:Fira%20Sans%3A300%2C300italic%2C400%2C400italic%2C500%2C500italic%2C700%2C700italic|font_style:500%20bold%20regular%3A500%3Anormal\u00bb][\/vc_column][\/vc_row][vc_row][vc_column width=\u00bb1\/2&#8243;][vc_column_text]1. Hospital Mario Catarino Rivas<br \/>\n2. Hospital Leonardo Mart\u00ednez Valenzuela<br \/>\n3. Hospital Regional del IHSS en San Pedro Sula<br \/>\n4. Cl\u00ednicas Perif\u00e9ricas Regionales del IHSS<br \/>\n5. Hospital de El Progreso<br \/>\n6. Hospital de Roat\u00e1n a trav\u00e9s de la alcald\u00eda municipal<br \/>\n7. Hospital Gabriela Alvarado de Danl\u00ed El Para\u00edso<br \/>\n8. Hospital de Puerto Cort\u00e9s<br \/>\n9. Hospital de San Marcos de Ocotepeque<br \/>\n10. Hospital Salvador Paredes de Trujillo, Atl\u00e1ntida<br \/>\n11. Hospital Escuela de Tegucigalpa<br \/>\n12. Hospital de Santa Cruz de Yojoa<br \/>\n13. Hospital de Santa Rosa de Cop\u00e1n<br \/>\n14. Centro de Salud de Santa Rosa de Copan<br \/>\n15. Cl\u00ednica de Maternidad del IHSS Villanueva<br \/>\n16. Hospital de Tela<br \/>\n17. Centros de Salud de Santa B\u00e1rbara<br \/>\n18. M\u00e9dicos en Servicio Social de SPS<br \/>\n19. M\u00e9dicos en Servicio Social de Tela<br \/>\n20. Hospital general de Yoro[\/vc_column_text][\/vc_column][vc_column width=\u00bb1\/2&#8243;][vc_column_text]21. Centro de Salud Corquin Cop\u00e1n<br \/>\n22. M\u00e9dicos Movimiento di Si a la Vida<br \/>\n23. M\u00e9dicos sin Fronteras Choloma<br \/>\n24. Policl\u00ednico de Santa Rita Yoro<br \/>\n25. Centro de salud Quimist\u00e1n Santa Barbara,<br \/>\n26. Hospital del Sur de Choluteca<br \/>\n27. Dispensario del Padre Claret, Asentamientos Humanos<br \/>\n28. IHSS Santa Rosa de Copan<br \/>\n29. Hospital del Torax, Tegucigalpa<br \/>\n30. M\u00e9dicos anestesi\u00f3logos de Honduras<br \/>\n31. Liga contra el Cancer<br \/>\n32. Personal m\u00e9dico, Fundacion Life<br \/>\n33. Hospital de Puerto Cortes<br \/>\n34. Centro de Salud Macuelizo, Santa B\u00e1rbara<br \/>\n35. Centro de Salud, Luis Lazo Arriaga, El Para\u00edso<br \/>\n36. Hospital Atl\u00e1ntida<br \/>\n37. Instituto nacional Cardiopulmonar de Tegucigalpa<br \/>\n38. Centro de salud de Petoa Santa Barbara<br \/>\n39. Hospital Manuel Subirana, Yoro<br \/>\n40. y otras organizaciones e instituciones no gubernamentales que han solicitado apoyo desde el 16 de marzo a la fecha.[\/vc_column_text][\/vc_column][\/vc_row][vc_row][vc_column][vc_separator color=\u00bborange\u00bb border_width=\u00bb2&#8243; css=\u00bb.vc_custom_1589483898435{padding-top: 30px !important;padding-bottom: 30px !important;}\u00bb][vc_column_text]Ante esta pandemia en el sector textil maquilador y para suplir la necesidad de mascarillas y otra indumentaria m\u00e9dica casi 21 empresas de costura afiliadas a la AHM adaptaron en tiempo record sus plantas para poder confeccionar a la brevedad estos insumos tan necesarios para la protecci\u00f3n del personal m\u00e9dico nacional y de las personas que trabajan durante esta emergencia, as\u00ed como de la poblaci\u00f3n en general que por razones necesarias tienen que salir de sus casas y requieren m\u00ednimo el uso de una mascarilla para prevenir un posible contagio.<\/p>\n<p>El sector textil maquilador y especialmente estas empresas, se prepar\u00f3 con un Protocolo de Bioseguridad para realizar esta labor con la debida protecci\u00f3n y producir esta indumentaria que se ha distribuido en las diferentes donaciones[\/vc_column_text][vc_separator color=\u00bborange\u00bb border_width=\u00bb2&#8243; css=\u00bb.vc_custom_1589483898435{padding-top: 30px !important;padding-bottom: 30px !important;}\u00bb][\/vc_column][\/vc_row][vc_row][vc_column][vc_gallery type=\u00bbnivo\u00bb interval=\u00bb10&#8243; images=\u00bb6339,6266,6267,6268,6269,6270,6271,6272,6273,6274,6275,6276,6277,6278,6279,6280,6281,6282,6283,6284,6285,6286,6287,6288,6289,6290,6291,6292,6293,6294,6295,6296,6297,6298,6299,6300,6301,6302,6303,6304,6305,6306,6307,6308,6309,6310,6311,6312,6313,6314,6315,6316,6317,6318,6319&#8243; img_size=\u00bblarge\u00bb][\/vc_column][\/vc_row]<\/p>\n<\/div>","protected":false},"excerpt":{"rendered":"<p>[vc_row][vc_column][vc_row_inner][vc_column_inner width=\u00bb3\/4&#8243;][vc_video link=\u00bbhttps:\/\/youtu.be\/LeIHV5moJRM\u00bb css=\u00bb.vc_custom_1589660231663{padding-bottom: 20px !important;}\u00bb][vc_custom_heading text=\u00bbDONACIONES DE LA AHM Y SUS EMPRESAS AFILIADAS\u00bb font_container=\u00bbtag:h2|font_size:18|text_align:left|color:%23000000&#8243; google_fonts=\u00bbfont_family:Fira%20Sans%3A300%2C300italic%2C400%2C400italic%2C500%2C500italic%2C700%2C700italic|font_style:500%20bold%20regular%3A500%3Anormal\u00bb][vc_column_text]En una respuesta r\u00e1pida e inmediata despu\u00e9s de la declaraci\u00f3n de alerta emitida por el gobierno de la rep\u00fablica y las autoridades de salud, por la llegada del Covid 19 al pa\u00eds, La Asociaci\u00f3n Hondure\u00f1a de Maquiladores en conjunto con&#8230; <a class=\"read-more\" href=\"https:\/\/ahm-honduras.com\/?page_id=6106\"> READ MORE<\/a><\/p>\n","protected":false},"author":3,"featured_media":0,"parent":0,"menu_order":0,"comment_status":"closed","ping_status":"closed","template":"","meta":{"inline_featured_image":false,"footnotes":""},"class_list":["post-6106","page","type-page","status-publish","hentry"],"aioseo_notices":[],"_hostinger_reach_plugin_has_subscription_block":false,"_hostinger_reach_plugin_is_elementor":false,"_links":{"self":[{"href":"https:\/\/ahm-honduras.com\/index.php?rest_route=\/wp\/v2\/pages\/6106","targetHints":{"allow":["GET"]}}],"collection":[{"href":"https:\/\/ahm-honduras.com\/index.php?rest_route=\/wp\/v2\/pages"}],"about":[{"href":"https:\/\/ahm-honduras.com\/index.php?rest_route=\/wp\/v2\/types\/page"}],"author":[{"embeddable":true,"href":"https:\/\/ahm-honduras.com\/index.php?rest_route=\/wp\/v2\/users\/3"}],"replies":[{"embeddable":true,"href":"https:\/\/ahm-honduras.com\/index.php?rest_route=%2Fwp%2Fv2%2Fcomments&post=6106"}],"version-history":[{"count":0,"href":"https:\/\/ahm-honduras.com\/index.php?rest_route=\/wp\/v2\/pages\/6106\/revisions"}],"wp:attachment":[{"href":"https:\/\/ahm-honduras.com\/index.php?rest_route=%2Fwp%2Fv2%2Fmedia&parent=6106"}],"curies":[{"name":"wp","href":"https:\/\/api.w.org\/{rel}","templated":true}]}}