{"id":1854,"date":"2017-07-14T20:03:23","date_gmt":"2017-07-14T20:03:23","guid":{"rendered":"https:\/\/ahm-honduras.com\/new\/?page_id=1854"},"modified":"2024-03-07T20:22:55","modified_gmt":"2024-03-07T20:22:55","slug":"our-organization","status":"publish","type":"page","link":"https:\/\/ahm-honduras.com\/?page_id=1854","title":{"rendered":"Our organization"},"content":{"rendered":"<div class=\"wpb-content-wrapper\"><p>[vc_row layout=\u00bbboxed\u00bb][vc_column]\t\t\t<div class=\"cortana-heading border-bottom left style1 \" >\n\t\t\t\t\t\t\t\t\t<h2 style=\"font-size:16px\">The Honduran Manufacturers Association<\/h2>\n\t\t\t\t\t\t\t<\/div>\n\t\t\t[\/vc_column][\/vc_row][vc_row layout=\u00bbboxed\u00bb][vc_column][vc_column_text]<img decoding=\"async\" class=\"aligncenter size-full wp-image-12316\" src=\"https:\/\/ahm-honduras.com\/wp-content\/uploads\/2024\/03\/WhatsApp-Image-2024-02-16-at-2.16.18\u202fPM-scaled.jpeg\" alt=\"\" width=\"2560\" height=\"2048\" srcset=\"https:\/\/ahm-honduras.com\/wp-content\/uploads\/2024\/03\/WhatsApp-Image-2024-02-16-at-2.16.18\u202fPM-scaled.jpeg 2560w, https:\/\/ahm-honduras.com\/wp-content\/uploads\/2024\/03\/WhatsApp-Image-2024-02-16-at-2.16.18\u202fPM-300x240.jpeg 300w, https:\/\/ahm-honduras.com\/wp-content\/uploads\/2024\/03\/WhatsApp-Image-2024-02-16-at-2.16.18\u202fPM-1024x819.jpeg 1024w, https:\/\/ahm-honduras.com\/wp-content\/uploads\/2024\/03\/WhatsApp-Image-2024-02-16-at-2.16.18\u202fPM-768x614.jpeg 768w, https:\/\/ahm-honduras.com\/wp-content\/uploads\/2024\/03\/WhatsApp-Image-2024-02-16-at-2.16.18\u202fPM-500x400.jpeg 500w, https:\/\/ahm-honduras.com\/wp-content\/uploads\/2024\/03\/WhatsApp-Image-2024-02-16-at-2.16.18\u202fPM-1536x1229.jpeg 1536w, https:\/\/ahm-honduras.com\/wp-content\/uploads\/2024\/03\/WhatsApp-Image-2024-02-16-at-2.16.18\u202fPM-2048x1638.jpeg 2048w\" sizes=\"(max-width: 2560px) 100vw, 2560px\" \/><\/p>\n<p>The Honduras Manufacturers Association (AHM) is a non-profit private sector organization created to serve its associates, representing them before public and private institutions. It arises due to the rapid growth of the manufacturing industry in Honduras, one of the main generator of exports \u00a0and job creators in the nation, with the purpose of promoting and developing the investment and the exports of the manufacturing industry at a national and international level.<\/p>\n<h5><span style=\"color: #480080;\"><strong>Our Vision \/ Nuestra Visi\u00f3n<\/strong><\/span><\/h5>\n<p>To ensure the sustainability and growth of the affiliated companies, with the aim of maintaining and generating a productive labor sources, which contribute to increase the country&#8217;s competitiveness and reduce poverty in Honduras.<\/p>\n<p>Asegurar la sostenibilidad y crecimiento de las industrias afiliadas, con el objeto de mantener y generar fuentes de trabajo productivas, que contribuyan a incrementar la competitividad del pa\u00eds y a la reducci\u00f3n de la pobreza en Honduras.<\/p>\n<h5><span style=\"color: #480080;\"><strong>Our Mission \/ Nuestra Misi\u00f3n<\/strong><\/span><\/h5>\n<p>To increase the competitiveness and productivity of our asociates, through institutional support that maintains stable policy conditions and a legal framework that encourages private investment; Training and facilitating the implementation of innovation programs in plant, strengthening labor relations with corporate social responsibility and conservation of the ecological environment.<\/p>\n<p>Incrementar la competitividad y productividad de las industrias asociadas, a trav\u00e9s de apoyo institucional que mantenga condiciones de pol\u00edticas estables y un marco jur\u00eddico que motive la inversi\u00f3n privada; capacitando y facilitando la implementaci\u00f3n de programas de innovaci\u00f3n en planta, de fortalecimiento de las relaciones laborales con responsabilidad social empresarial y de conservaci\u00f3n del entorno ecol\u00f3gico.<\/p>\n<p>The AHM was founded on October 29, 1991, as a private, apolitical, non-profit institution with its own legal personality. Created for the promotion and development of the maquiladora companies of the country.[\/vc_column_text][vc_empty_space][\/vc_column][\/vc_row]<\/p>\n<\/div>","protected":false},"excerpt":{"rendered":"<p>[vc_row layout=\u00bbboxed\u00bb][vc_column][\/vc_column][\/vc_row][vc_row layout=\u00bbboxed\u00bb][vc_column][vc_column_text] The Honduras Manufacturers Association (AHM) is a non-profit private sector organization created to serve its associates, representing them before public and private institutions. It arises due to the rapid growth of the manufacturing industry in Honduras, one of the main generator of exports \u00a0and job creators in the nation, with the purpose&#8230; <a class=\"read-more\" href=\"https:\/\/ahm-honduras.com\/?page_id=1854\"> READ MORE<\/a><\/p>\n","protected":false},"author":3,"featured_media":0,"parent":0,"menu_order":0,"comment_status":"closed","ping_status":"closed","template":"","meta":{"inline_featured_image":false,"footnotes":""},"class_list":["post-1854","page","type-page","status-publish","hentry"],"aioseo_notices":[],"_hostinger_reach_plugin_has_subscription_block":false,"_hostinger_reach_plugin_is_elementor":false,"_links":{"self":[{"href":"https:\/\/ahm-honduras.com\/index.php?rest_route=\/wp\/v2\/pages\/1854","targetHints":{"allow":["GET"]}}],"collection":[{"href":"https:\/\/ahm-honduras.com\/index.php?rest_route=\/wp\/v2\/pages"}],"about":[{"href":"https:\/\/ahm-honduras.com\/index.php?rest_route=\/wp\/v2\/types\/page"}],"author":[{"embeddable":true,"href":"https:\/\/ahm-honduras.com\/index.php?rest_route=\/wp\/v2\/users\/3"}],"replies":[{"embeddable":true,"href":"https:\/\/ahm-honduras.com\/index.php?rest_route=%2Fwp%2Fv2%2Fcomments&post=1854"}],"version-history":[{"count":0,"href":"https:\/\/ahm-honduras.com\/index.php?rest_route=\/wp\/v2\/pages\/1854\/revisions"}],"wp:attachment":[{"href":"https:\/\/ahm-honduras.com\/index.php?rest_route=%2Fwp%2Fv2%2Fmedia&parent=1854"}],"curies":[{"name":"wp","href":"https:\/\/api.w.org\/{rel}","templated":true}]}}